{"id":952,"date":"2021-10-12T18:06:49","date_gmt":"2021-10-12T23:06:49","guid":{"rendered":"https:\/\/akc.com.co\/web\/?page_id=952"},"modified":"2025-04-16T14:27:58","modified_gmt":"2025-04-16T19:27:58","slug":"buzon-pqr","status":"publish","type":"page","link":"https:\/\/akc.com.co\/web\/buzon-pqr\/","title":{"rendered":"<strong>RADIQUE AQU\u00cd SU PETICI\u00d3N, QUEJA O RECURSO (PQR)<\/strong>"},"content":{"rendered":"\n<p>Esta es la secci\u00f3n de BUZ\u00d3N DE PETICIONES, QUEJAS Y RECURSOS (PQR).<\/p>\n\n\n\n<p>Para radicar un PQR favor diligenciar el formato haciendo clic en el siguiente link y relacionar sus respectivos documentos adjuntos.<\/p>\n\n\n\n<p><strong><u><a rel=\"noreferrer noopener\" href=\"https:\/\/apiform.akc.co\/formapirest\/startUser\/PWAKC\" target=\"_blank\">FORMULARIO REGISTRO DE PQRS<\/a><\/u><\/strong>     <\/p>\n\n\n\n<p><em>De acuerdo con la Ley 1437 de 2011 y la Ley 1755 de 2015:  <\/em><em>Toda petici\u00f3n deber\u00e1 contener, por lo menos:<\/em><\/p>\n\n\n\n<p><em>1. La designaci\u00f3n de la autoridad a la que se dirige.<\/em><em><\/em><\/p>\n\n\n\n<p><em>2. Los nombres y apellidos completos del solicitante y de su representante y o apoderado, si es el caso, con indicaci\u00f3n de su documento de identidad y de la direcci\u00f3n donde recibir\u00e1 correspondencia. El peticionario podr\u00e1 agregar el n\u00famero de fax o la direcci\u00f3n electr\u00f3nica. Si el peticionario es una persona privada que deba estar inscrita en el registro mercantil, estar\u00e1 obligada a indicar su direcci\u00f3n electr\u00f3nica.<\/em><em><\/em><\/p>\n\n\n\n<p><em>3. El objeto de la petici\u00f3n.<\/em><em><\/em><\/p>\n\n\n\n<p><em>4. Las razones en las que fundamenta su petici\u00f3n.<\/em><em><\/em><\/p>\n\n\n\n<p><em>5. La relaci\u00f3n de los documentos que desee presentar para iniciar el tr\u00e1mite.<\/em><em><\/em><\/p>\n\n\n\n<p><em>6. La firma del peticionario cuando fuere el caso.<\/em><em><\/em><\/p>\n\n\n\n<p><em>7. Direcci\u00f3n de notificaci\u00f3n y tel\u00e9fono.<\/em><em><\/em><\/p>\n","protected":false},"excerpt":{"rendered":"<p>Esta es la secci\u00f3n de BUZ\u00d3N DE PETICIONES, QUEJAS Y RECURSOS (PQR). Para radicar un PQR favor diligenciar el formato haciendo clic en el siguiente link y relacionar sus respectivos &#8230; <\/p>\n<div><a href=\"https:\/\/akc.com.co\/web\/buzon-pqr\/\" class=\"more-link\">Read More<\/a><\/div>\n","protected":false},"author":1,"featured_media":0,"parent":0,"menu_order":0,"comment_status":"closed","ping_status":"closed","template":"","meta":{"ngg_post_thumbnail":0},"_links":{"self":[{"href":"https:\/\/akc.com.co\/web\/wp-json\/wp\/v2\/pages\/952"}],"collection":[{"href":"https:\/\/akc.com.co\/web\/wp-json\/wp\/v2\/pages"}],"about":[{"href":"https:\/\/akc.com.co\/web\/wp-json\/wp\/v2\/types\/page"}],"author":[{"embeddable":true,"href":"https:\/\/akc.com.co\/web\/wp-json\/wp\/v2\/users\/1"}],"replies":[{"embeddable":true,"href":"https:\/\/akc.com.co\/web\/wp-json\/wp\/v2\/comments?post=952"}],"version-history":[{"count":12,"href":"https:\/\/akc.com.co\/web\/wp-json\/wp\/v2\/pages\/952\/revisions"}],"predecessor-version":[{"id":3184,"href":"https:\/\/akc.com.co\/web\/wp-json\/wp\/v2\/pages\/952\/revisions\/3184"}],"wp:attachment":[{"href":"https:\/\/akc.com.co\/web\/wp-json\/wp\/v2\/media?parent=952"}],"curies":[{"name":"wp","href":"https:\/\/api.w.org\/{rel}","templated":true}]}}