{"id":421,"date":"2021-05-30T17:12:21","date_gmt":"2021-05-30T22:12:21","guid":{"rendered":"https:\/\/akc.com.co\/web\/?page_id=421"},"modified":"2026-03-27T16:45:12","modified_gmt":"2026-03-27T21:45:12","slug":"politica-de-datos","status":"publish","type":"page","link":"https:\/\/akc.com.co\/web\/politica-de-datos\/","title":{"rendered":"POL\u00cdTICA DE PROTECCI\u00d3N DE DATOS PERSONALES"},"content":{"rendered":"<div id=\"cs-content\" class=\"cs-content\"  >\n<div class=\"e421-1 x-section\">\n      \n<div class=\"e421-2 x-row x-container max width\">\n    <div class=\"x-row-inner\">\n<div class=\"e421-3 x-col\">\n    <h2  class=\"h-custom-headline cs-ta-center h3\" ><span>POL\u00cdTICA DE PROTECCI\u00d3N DE DATOS PERSONALES<\/span><\/h2>\n<hr class=\"e421-5 x-line\">\n  <\/div>\n<\/div>\n  <\/div>\n\n<div class=\"e421-6 x-row x-container max width\">\n    <div class=\"x-row-inner\">\n<div class=\"e421-7 x-col\">\n    \n<div class=\"e421-8 x-text\">\n  <p><span style=\"color: #33cccc;\"><a style=\"color: #33cccc;\" href=\"https:\/\/akc.com.co\/web\/wp-content\/uploads\/2026\/03\/MCA-03-D-02-Politica-PDP-V5.pdf\">POL\u00cdTICA DE PROTECCI\u00d3N DE DATOS PERSONALES<\/a><\/span><\/p>\n<p><\/p><\/div>\n\n<hr class=\"e421-9 x-line\">\n<hr  class=\"x-gap\" style=\"margin: 300px 0 0 0;\">  <\/div>\n<\/div>\n  <\/div>\n    <\/div>\n<\/div>\n","protected":false},"excerpt":{"rendered":"<p>POL\u00cdTICA DE PROTECCI\u00d3N DE DATOS PERSONALES POL\u00cdTICA DE PROTECCI\u00d3N DE DATOS PERSONALES<\/p>\n","protected":false},"author":1,"featured_media":0,"parent":0,"menu_order":0,"comment_status":"open","ping_status":"closed","template":"template-blank-4.php","meta":{"ngg_post_thumbnail":0},"_links":{"self":[{"href":"https:\/\/akc.com.co\/web\/wp-json\/wp\/v2\/pages\/421"}],"collection":[{"href":"https:\/\/akc.com.co\/web\/wp-json\/wp\/v2\/pages"}],"about":[{"href":"https:\/\/akc.com.co\/web\/wp-json\/wp\/v2\/types\/page"}],"author":[{"embeddable":true,"href":"https:\/\/akc.com.co\/web\/wp-json\/wp\/v2\/users\/1"}],"replies":[{"embeddable":true,"href":"https:\/\/akc.com.co\/web\/wp-json\/wp\/v2\/comments?post=421"}],"version-history":[{"count":5,"href":"https:\/\/akc.com.co\/web\/wp-json\/wp\/v2\/pages\/421\/revisions"}],"predecessor-version":[{"id":3527,"href":"https:\/\/akc.com.co\/web\/wp-json\/wp\/v2\/pages\/421\/revisions\/3527"}],"wp:attachment":[{"href":"https:\/\/akc.com.co\/web\/wp-json\/wp\/v2\/media?parent=421"}],"curies":[{"name":"wp","href":"https:\/\/api.w.org\/{rel}","templated":true}]}}