{"id":257,"date":"2021-05-18T00:19:53","date_gmt":"2021-05-18T05:19:53","guid":{"rendered":"https:\/\/akc.com.co\/web\/?page_id=257"},"modified":"2021-09-08T03:42:32","modified_gmt":"2021-09-08T08:42:32","slug":"fuente-de-agua","status":"publish","type":"page","link":"https:\/\/akc.com.co\/web\/fuente-de-agua\/","title":{"rendered":"Fuente de Agua"},"content":{"rendered":"<div id=\"cs-content\" class=\"cs-content\"  >\n<div class=\"e257-1 x-section\">\n      \n<div class=\"e257-2 x-row x-container max width\">\n    <div class=\"x-row-inner\">\n<div class=\"e257-3 x-col\">\n    <h2  class=\"h-custom-headline cs-ta-center h3\" ><span>Fuente de Agua<\/span><\/h2>\n<hr class=\"e257-5 x-line\">\n  <\/div>\n<\/div>\n  <\/div>\n\n<div class=\"e257-6 x-row x-container max width\">\n    <div class=\"x-row-inner\">\n<div class=\"e257-7 x-col\">\n      <\/div>\n\n<div class=\"e257-8 x-col\">\n    \n<div class=\"e257-9 x-text\">\n  <p>El sistema actual del acueducto de la ciudad de C\u00facuta toma las aguas de los r\u00edos Pamplonita (abastece la planta de P\u00f3rtico) y Zulia\u00a0 (abastece la planta de Carmen de Tonchala), con una capacidad de tratamiento de 1600 y 1000 litros por segundo respectivamente.<\/p>\n<p>La primer fuente corresponde al sistema por gravedad\u00a0 y l \u00faltima fuente corresponden a sistemas por bombeo.<\/p><\/div>\n\n<hr class=\"e257-10 x-line\">\n\n<hr class=\"e257-11 x-line\">\n\n<div class=\"e257-12 x-text\">\n  <h3><span style=\"color: #17a9ba;\">Fuente R\u00edo Pamplonita<\/span><\/h3><\/div>\n  <\/div>\n\n<div class=\"e257-13 x-col\">\n      <\/div>\n<\/div>\n  <\/div>\n\n<div class=\"e257-14 x-row x-container max width\">\n    <div class=\"x-row-inner\">\n<div class=\"e257-15 x-col\">\n      <\/div>\n\n<div class=\"e257-16 x-col\">\n    \n<span class=\"e257-17 x-image\">\n  <img src=\"https:\/\/akc.com.co\/web\/wp-content\/uploads\/2021\/05\/Rio_Pamplonita-e1517439247511.jpg\" width=\"975\" height=\"483\" alt=\"Image\" loading=\"lazy\">\n<\/span>\n  <\/div>\n\n<div class=\"e257-18 x-col\">\n    \n<div class=\"e257-19 x-text\">\n  <p style=\"text-align:justify;\">La cuenca del R\u00edo Pamplonita se encuentra ubicada en la vertiente oriental de la Cordillera Oriental de Colombia, al sureste del departamento de Norte de Santander. La cuenca posee el margen izquierdo del r\u00edo T\u00e1chira, corriente que sirve como l\u00edmite internacional con la rep\u00fablica de Venezuela hasta su entrega de aguas en el r\u00edo Pamplonita, por tanto se cataloga esta como una cuenca binacional que demanda una futura gesti\u00f3n concertada de ambos pa\u00edses.<\/p><\/div>\n  <\/div>\n\n<div class=\"e257-20 x-col\">\n      <\/div>\n<\/div>\n  <\/div>\n\n<div class=\"e257-21 x-row x-container max width\">\n    <div class=\"x-row-inner\">\n<div class=\"e257-22 x-col\">\n      <\/div>\n\n<div class=\"e257-23 x-col\">\n    \n<hr class=\"e257-24 x-line\">\n\n<hr class=\"e257-25 x-line\">\n\n<div class=\"e257-26 x-text\">\n  <h3><span style=\"color: #17a9ba;\">Fuente R\u00edo Zulia<\/span><\/h3><\/div>\n  <\/div>\n\n<div class=\"e257-27 x-col\">\n      <\/div>\n<\/div>\n  <\/div>\n\n<div class=\"e257-28 x-row x-container max width\">\n    <div class=\"x-row-inner\">\n<div class=\"e257-29 x-col\">\n      <\/div>\n\n<div class=\"e257-30 x-col\">\n    \n<span class=\"e257-31 x-image\">\n  <img src=\"https:\/\/akc.com.co\/web\/wp-content\/uploads\/2021\/05\/1200px-Zuliaensantiago-768x486-1.jpg\" width=\"768\" height=\"486\" alt=\"Image\" loading=\"lazy\">\n<\/span>\n  <\/div>\n\n<div class=\"e257-32 x-col\">\n    \n<div class=\"e257-33 x-text\">\n  <p style=\"text-align:justify;\">La cuenca del R\u00edo Zulia se localiza en la parte media del departamento de Norte de Santander, en la vertiente oriental de la cordillera oriental colombiana, esta es una cuenca binacional, debido a que sus aguas en la parte baja de la cuenca contin\u00faan fluyendo sobre territorio venezolano. La cuenca se ubica entre la coordenadas planas Norte: 1`290.000 y 1`430.000 y Este: 1`118.000 y 1`190.000, con origen en el Observatorio Astron\u00f3mico Nacional.<\/p><\/div>\n  <\/div>\n\n<div class=\"e257-34 x-col\">\n      <\/div>\n<\/div>\n  <\/div>\n\n<div class=\"e257-35 x-row x-container max width\">\n    <div class=\"x-row-inner\">\n<div class=\"e257-36 x-col\">\n    \n<hr class=\"e257-37 x-line\">\n\n<hr class=\"e257-38 x-line\">\n  <\/div>\n<\/div>\n  <\/div>\n    <\/div>\n<\/div>\n","protected":false},"excerpt":{"rendered":"<p>Fuente de Agua El sistema actual del acueducto de la ciudad de C\u00facuta toma las aguas de los r\u00edos Pamplonita (abastece la planta de P\u00f3rtico) y Zulia\u00a0 (abastece la planta &#8230; <\/p>\n<div><a href=\"https:\/\/akc.com.co\/web\/fuente-de-agua\/\" class=\"more-link\">Read More<\/a><\/div>\n","protected":false},"author":1,"featured_media":0,"parent":0,"menu_order":0,"comment_status":"open","ping_status":"closed","template":"template-blank-4.php","meta":{"ngg_post_thumbnail":0},"_links":{"self":[{"href":"https:\/\/akc.com.co\/web\/wp-json\/wp\/v2\/pages\/257"}],"collection":[{"href":"https:\/\/akc.com.co\/web\/wp-json\/wp\/v2\/pages"}],"about":[{"href":"https:\/\/akc.com.co\/web\/wp-json\/wp\/v2\/types\/page"}],"author":[{"embeddable":true,"href":"https:\/\/akc.com.co\/web\/wp-json\/wp\/v2\/users\/1"}],"replies":[{"embeddable":true,"href":"https:\/\/akc.com.co\/web\/wp-json\/wp\/v2\/comments?post=257"}],"version-history":[{"count":9,"href":"https:\/\/akc.com.co\/web\/wp-json\/wp\/v2\/pages\/257\/revisions"}],"predecessor-version":[{"id":898,"href":"https:\/\/akc.com.co\/web\/wp-json\/wp\/v2\/pages\/257\/revisions\/898"}],"wp:attachment":[{"href":"https:\/\/akc.com.co\/web\/wp-json\/wp\/v2\/media?parent=257"}],"curies":[{"name":"wp","href":"https:\/\/api.w.org\/{rel}","templated":true}]}}