{"id":243,"date":"2021-05-17T23:07:31","date_gmt":"2021-05-18T04:07:31","guid":{"rendered":"https:\/\/akc.com.co\/web\/?page_id=243"},"modified":"2023-07-19T09:54:18","modified_gmt":"2023-07-19T14:54:18","slug":"plantas-de-tratamiento","status":"publish","type":"page","link":"https:\/\/akc.com.co\/web\/plantas-de-tratamiento\/","title":{"rendered":"Planta de tratamiento"},"content":{"rendered":"<div id=\"cs-content\" class=\"cs-content\"  >\n<div class=\"e243-1 x-section\">\n      \n<div class=\"e243-2 x-row x-container max width\">\n    <div class=\"x-row-inner\">\n<div class=\"e243-3 x-col\">\n    <h2  class=\"h-custom-headline cs-ta-center h3\" ><span>Plantas de Tratamiento<\/span><\/h2>\n<hr class=\"e243-5 x-line\">\n  <\/div>\n\n<div class=\"e243-6 x-col\">\n    \n<div class=\"e243-7 x-text\">\n  <h3><strong><span style=\"color: #17a9ba;\">PLANTAS DE TRATAMIENTO<\/span><\/strong><\/h3><\/div>\n  <\/div>\n<\/div>\n  <\/div>\n\n<div class=\"e243-8 x-row x-container max width\">\n    <div class=\"x-row-inner\">\n<div class=\"e243-9 x-col\">\n    \n<span class=\"e243-10 x-image\">\n  <img src=\"https:\/\/akc.com.co\/web\/wp-content\/uploads\/2021\/05\/planta-tonchala-768x512-1.jpg\" width=\"768\" height=\"512\" alt=\"Image\" loading=\"lazy\">\n<\/span>\n  <\/div>\n\n<div class=\"e243-11 x-col\">\n    \n<div class=\"e243-12 x-text\">\n  <p><b>Localizaci\u00f3n<\/b><\/p>\n<p>La Planta de Tratamiento El Carmen de Tonchala que opera y mantiene AGUAS KPITAL C\u00daCUTA se encuentra ubicada en la Vereda SAN ISIDRO del municipio de SAN CAYETANO en la cota 347.70 msnm.<\/p>\n<p><strong>Fuente De Abastecimiento <\/strong><\/p>\n<p>El R\u00edo Zulia.<\/p>\n<p><strong>Proceso Del Tratamiento De Agua Cruda <\/strong><\/p>\n<p><strong>Pileta de Sello <\/strong><\/p>\n<p>Ubicada en la Termoel\u00e9ctrica Tasajero, donde se encuentra ubicada una pileta de sello y mediante una tuber\u00eda de 48 pulgadas se conduce el agua cruda sobrante del proceso de enfriamiento de las calderas, a la Estaci\u00f3n Tasajero.<\/p><\/div>\n  <\/div>\n\n<div class=\"e243-13 x-col\">\n    \n<div class=\"e243-14 x-text\">\n  <p><strong>Estaci\u00f3n Tasajero<\/strong><\/p>\n<p>Ubicada junto a la termoel\u00e9ctrica de Termotasajero en la vereda Puente Zulia del municipio de San Cayetano al lado del R\u00edo Zulia elevada a la cota 256.50 m.s.n.m.\u00a0 Esta estaci\u00f3n es elevadora de agua cruda.<\/p>\n<p>\u2013\u00a0\u00a0 \u00a0Cuenta con cuatro (4) bombas impulsoras de agua cruda de 330 litros por segundo, con motores de 700 HP a 6.600 Voltios. Esta estaci\u00f3n trabaja con energ\u00eda desde la sub estaci\u00f3n Bel\u00e9n de 34.5 KV.<\/p>\n<p>\u2013\u00a0\u00a0 \u00a0Y se conduce el agua bombeada por una tuber\u00eda de 36 pulgadas CCP hasta la C\u00e1mara de Quiebre.<\/p>\n<p><strong>C\u00e1mara De Quiebre<\/strong><\/p>\n<p>Se encuentra en la vereda Tabiro del municipio de San Cayetano, a una cota de 358.30 m.s.n.m.\u00a0 es una estructura hidr\u00e1ulica que tiene como objeto romper presiones generados por el bombeo de TERMOTASAJERO y transportar por gravedad el agua cruda a la Planta El Carmen de Tonchala mediante una tuber\u00eda de 39 pulgadas CCP.<\/p>\n<p><strong>Mezcla R\u00e1pida<\/strong><\/p>\n<p>El agua cruda ingresa a la planta a trav\u00e9s de una canaleta parshall, en la que se vierte la soluci\u00f3n de los coagulantes.<\/p>\n<p><strong>Floculaci\u00f3n<\/strong><\/p>\n<p>Es una funci\u00f3n lenta que se cumple en la unidad\u00a0 floculadora y su funci\u00f3n es formar part\u00edculas llamadas floc.<\/p>\n<p><strong>Sedimentaci\u00f3n Acelerada<\/strong><\/p>\n<p>Es el \u00e1rea de la unidad en donde se observa el cumplimiento de los coagulantes sedimentando el floc.<\/p>\n<p><strong>Clarificaci\u00f3n<\/strong><\/p>\n<p>Es la terminaci\u00f3n del proceso de sedimentaci\u00f3n donde\u00a0 se observa el fen\u00f3meno qu\u00edmico que producen los coagulantes.<\/p>\n<p><strong>Filtraci\u00f3n<\/strong><\/p>\n<p>La tecnolog\u00eda del sistema de filtraci\u00f3n cuenta con lechos mixtos, auto-lavado e inyecci\u00f3n de aire a presi\u00f3n a manera de \u201cprelavado\u201d y que tiene como objetivo no solamente lograr una mejor limpieza de la arena en el lavado a contracorriente sino un ahorro considerable en el agua de lavado.<\/p>\n<p><strong>Desinfecci\u00f3n<\/strong><\/p>\n<p>Se realiza con cloro l\u00edquido gaseoso a trav\u00e9s de los equipos dosificadores de Cloro en un punto de recolecci\u00f3n del agua filtrada.<\/p>\n<p><strong>Distribuci\u00f3n<\/strong><\/p>\n<p>Es la operaci\u00f3n de enviar para la ciudad el agua ya tratada y desinfectada para el consumo humano a trav\u00e9s de\u00a0 una tuber\u00eda de 39\u201d CCP, que llega a la Estaci\u00f3n Nydia.<\/p>\n<p><strong>Control De Calidad<\/strong><\/p>\n<p>Se realiza en el laboratorio de aguas analizando los factores f\u00edsicos-qu\u00edmicos y microbiol\u00f3gicos del agua cruda y tratada para el consumo.<\/p><\/div>\n\n<hr class=\"e243-15 x-line\">\n  <\/div>\n<\/div>\n  <\/div>\n\n<div class=\"e243-16 x-row x-container max width\">\n    <div class=\"x-row-inner\">\n<div class=\"e243-17 x-col\">\n    \n<div class=\"e243-18 x-text\">\n  <h3><strong><span style=\"color: #17a9ba;\">PLANTA DE TRATAMIENTO EL P&Oacute;RTICO<\/span><\/strong><\/h3><\/div>\n  <\/div>\n<\/div>\n  <\/div>\n\n<div class=\"e243-19 x-row x-container max width\">\n    <div class=\"x-row-inner\">\n<div class=\"e243-20 x-col\">\n    \n<span class=\"e243-21 x-image\">\n  <img src=\"https:\/\/akc.com.co\/web\/wp-content\/uploads\/2021\/05\/PORTICO-768x432-1.jpg\" width=\"768\" height=\"432\" alt=\"Image\" loading=\"lazy\">\n<\/span>\n  <\/div>\n\n<div class=\"e243-22 x-col\">\n    \n<div class=\"e243-23 x-text\">\n  <p><strong>Localizaci\u00f3n<\/strong><\/p>\n<p>La Planta de Tratamiento El P\u00f3rtico que opera y mantiene AGUAS KPITAL C\u00daCUTA se encuentra ubicada al Sur de la ciudad de C\u00facuta, en el Corregimiento de San Pedro , Vereda el P\u00f3rtico.<\/p>\n<p><strong>Fuente De Abastecimiento<\/strong><\/p>\n<p>a.\u00a0\u00a0 \u00a0R\u00edo Pamplonita, que nace en el P\u00e1ramo de Fontib\u00f3n a 3200 msnm<br \/>\nb.\u00a0\u00a0 \u00a0Desemboca en el R\u00edo Zulia cerca de Puerto Villamizar a una altura de 150 msnm en un recorrido aproximado de 145 kil\u00f3metro con una pendiente media de 1.2%<br \/>\nc.\u00a0\u00a0 \u00a0Dentro del recorrido presenta aproximadamente las siguientes pendientes:<br \/>\n\u2013\u00a0\u00a0 \u00a0Entre Pamplona y el Diamante el 6%<br \/>\n\u2013\u00a0\u00a0 \u00a0Entre el\u00a0 Diamante y la Garita\u00a0 ( Bocatoma ) 4%<br \/>\n\u2013\u00a0\u00a0 \u00a0Entre la Garita al R\u00edo Zulia el 0.2%<br \/>\nd.\u00a0\u00a0 \u00a0Caudal promedio del Rio es de 4.5 m3\/sg\u00a0 (aforo de la E.\u00a0 I.\u00a0 S. )<\/p><\/div>\n  <\/div>\n\n<div class=\"e243-24 x-col\">\n    \n<div class=\"e243-25 x-text\">\n  <p><strong>Proceso Del Tratamiento De Agua Cruda<\/strong><\/p>\n<p><strong>Captaci&oacute;n<\/strong><\/p>\n<p>Se realiza a trav&eacute;s de la Bocatoma, localizada a la margen izquierda del R&iacute;o Pamplonita en un cota de 447.46 msnm, y a una distancia de 8 kil&oacute;metros de la Planta de tratamiento, la conducci&oacute;n del agua captada se realiza por medio&nbsp; de :<\/p>\n<p>&ndash;&nbsp;&nbsp; &nbsp;Una tuber&iacute;a de 30 Pulgadas CCP, con capacidad para 1188 l\/s , con una pendiente media de 0.59%; instalada en el a&ntilde;o 1968, con una longitud aproximada de 1539 metros&nbsp; hasta los tanques Desarenadores localizados en la Florida.<\/p>\n<p>&ndash;&nbsp;&nbsp; &nbsp;Una tuber&iacute;a de 28 Pulgadas de AC, con capacidad de 959 l\/s, con pendiente media de 0.55%; instalada en el a&ntilde;o de&nbsp; 1982&nbsp; con una longitud aproximada&nbsp; de 1539 m hasta los tanques Desarenadores Localizados en la Florida<\/p>\n<p>&ndash;&nbsp;&nbsp; &nbsp;Un Canal Auxiliar construido 500 metros abajo de la Bocatoma considerado para las emergencias de captaci&oacute;n con capacidad de 1000 l\/s, y una Longitud aproximada de 1 km hasta los tanques desarenadores&nbsp; localizados en la Florida.<\/p>\n<p><strong>Desarenaci&oacute;n<\/strong><\/p>\n<p>Es un Sistema&nbsp; cuya funci&oacute;n es sedimentar y desgravar el material de arrastre del r&iacute;o y que presenta las siguientes caracter&iacute;sticas:<\/p>\n<p>&ndash;&nbsp;&nbsp; &nbsp;Est&aacute; compuesto por cuatro unidades desarenadoras<br \/>&ndash;&nbsp;&nbsp; &nbsp;Tres tuber&iacute;as de salida; Una de 27 pulgadas de CCP; y dos tuber&iacute;as de 24 pulgadas de AC, con una longitud de 6.24 kil&oacute;metros hasta las canaletas Parshall localizadas en la entrada al presedimentador de&nbsp; la Planta&nbsp; de tratamiento el P&oacute;rtico.<\/p>\n<p>Los dos Anteriores Sistemas ( Captaci&oacute;n y Desarenaci&oacute;n), forman el conjunto de ADUCCI&Oacute;N<\/p>\n<p><strong>Presedimentaci&oacute;n<\/strong><\/p>\n<p>Esta parte del proceso se encuentra ubicado en la Planta de Tratamiento, su funci&oacute;n es garantizar una mejor condici&oacute;n del agua cruda corrigiendo lo que las unidades desarenadoras no alcanzaron a retener, el cual presenta:<\/p>\n<p>&ndash;&nbsp;&nbsp; &nbsp;Ingreso del agua cruda a trav&eacute;s de tres canaletas Parshall (con medici&oacute;n&nbsp; ultras&oacute;nica)<br \/>&ndash;&nbsp;&nbsp; &nbsp;Un presedimentador con una pantalla vertical de orificios de 12 pulgadas de di&aacute;metro , con paredes inclinadas y fondo con cuatro tolvas para almacenamiento de sedimentos<\/p>\n<p><strong>Procesos de Coagulaci&oacute;n, Sedimentaci&oacute;n y Filtraci&oacute;n<\/strong><\/p>\n<p>La planta de potabilizaci&oacute;n se encuentra ubicada en el caser&iacute;o El P&oacute;rtico, est&aacute; compuesta por dos unidades funcionales denominadas planta No. 1 y planta No. 2, situadas a 4 kil&oacute;metros al sur del casco urbano de la ciudad de C&uacute;cuta, en inmediaciones de cota 400 msnm. Las PTAP El P&oacute;rtico tiene una capacidad m&aacute;xima de 2,5 m3\/s, entregan el agua tratada a dos tanques de almacenamiento de concreto reforzado con capacidad total de 8000 m3, situados en predios de las PTAP.<\/p>\n<p>Las PTAP 1 y 2, cuenta con tres unidades de floculaci&oacute;n-sedimentaci&oacute;n y en su optimizaci&oacute;n se implementaron las unidades de floculaci&oacute;n mec&aacute;nica con paletas verticales en acero inoxidable y un sistema de motor reductor controlado por variadores de velocidad. La modernizaci&oacute;n del proceso con las nuevas unidades de floculaci&oacute;n mec&aacute;nica permite un mejor control en la agitaci&oacute;n de la masa de agua, por lo que se obtiene mayor eficiencia en la formaci&oacute;n de los fl&oacute;culos en las diferentes condiciones de calidad de agua cruda; esto se hace igualmente posible, si el proceso antecesor (Coagulaci&oacute;n), se hace de manera eficiente. El dise&ntilde;o de la optimizaci&oacute;n con floculadores mec&aacute;nicos de paletas de eje vertical determin&oacute; unos rangos de velocidad de agitaci&oacute;n en los equipos para las diferentes condiciones de mezcla lenta que se requieran en la planta de potabilizaci&oacute;n de acuerdo con las condiciones de agua cruda que presente la fuente de agua, como lo es el rio pamplonita.<\/p>\n<p><strong>&nbsp; &nbsp; &nbsp; &nbsp; &nbsp; &nbsp; &nbsp; &nbsp; &nbsp; &nbsp; &nbsp; &nbsp; &nbsp; &nbsp; &nbsp; &nbsp; &nbsp; &nbsp; &nbsp; &nbsp; &nbsp; &nbsp; &nbsp; &nbsp; &nbsp; &nbsp; &nbsp; &nbsp; &nbsp; &nbsp; &nbsp; &nbsp; &nbsp; &nbsp; &nbsp; &nbsp; &nbsp; &nbsp; &nbsp; &nbsp; &nbsp; <img decoding=\"async\" loading=\"lazy\" class=\"alignnone size-full wp-image-2248\" src=\"https:\/\/akc.com.co\/web\/wp-content\/uploads\/2023\/07\/p2.jpg\" alt=\"\" width=\"1024\" height=\"768\" srcset=\"https:\/\/akc.com.co\/web\/wp-content\/uploads\/2023\/07\/p2.jpg 1024w, https:\/\/akc.com.co\/web\/wp-content\/uploads\/2023\/07\/p2-300x225.jpg 300w, https:\/\/akc.com.co\/web\/wp-content\/uploads\/2023\/07\/p2-768x576.jpg 768w, https:\/\/akc.com.co\/web\/wp-content\/uploads\/2023\/07\/p2-100x75.jpg 100w\" sizes=\"(max-width: 1024px) 100vw, 1024px\" \/><\/strong><\/p>\n<p>Las PTAP El P&oacute;rtico tienen una bater&iacute;a de filtros que la componen doce (12) unidades para el proceso de filtraci&oacute;n con su respectiva galer&iacute;a de filtraci&oacute;n por planta.<\/p>\n<p>En los dise&ntilde;os se contemplaron los siguientes cambios:<\/p>\n<p>1. Cambio de los lechos filtrantes utilizando arena y antracita<br \/>2. Cambio del falso fondo existente a falso fondo pl&aacute;stico Leopold Tipo S<br \/>3. Sistema de lavado con aire que incluye sopladores y tuber&iacute;as y accesorios en acero carbono.<br \/>4. Rehabilitaci&oacute;n del sistema de galer&iacute;a de filtros mediante el cambio de la tuber&iacute;a de agua filtrada y la incorporaci&oacute;n del sistema de lavado con aire y la incorporaci&oacute;n de la tuber&iacute;a de lavado existente.<br \/>5. Cambio de todas las v&aacute;lvulas de control de agua filtrada, agua de lavado y la instalaci&oacute;n de v&aacute;lvulas de control de entrada de aire al sistema.<\/p>\n<p>La rehabilitaci&oacute;n de filtros, el dise&ntilde;o de falso fondo tipo Leopold y la construcci&oacute;n del sistema de distribuci&oacute;n de agua y aire para el lavado de los filtros signific&oacute; un mejoramiento del sistema hasta en un 30% en las unidades de filtraci&oacute;n.<\/p>\n<p>La modernizaci&oacute;n del proceso de filtraci&oacute;n permitir&aacute; obtener una mayor cantidad y mejor calidad de agua y aumentar&aacute; la eficiencia en las diferentes condiciones de calidad de agua cruda. Esto ser&aacute; posible si el proceso antecesor (Sedimentaci&oacute;n), se hace de manera eficiente.<\/p>\n<p>El dise&ntilde;o ejecutado, tuvo en cuenta, toda la normatividad actual en cuanto los par&aacute;metros establecidos para las unidades de filtraci&oacute;n.<\/p>\n<p>Galer&iacute;a de filtraci&oacute;n &ndash; Automatizaci&oacute;n sistema de v&aacute;lvulas y actuadores - lavado auxiliar con aire<\/p>\n<p>En el dise&ntilde;o de la optimizaci&oacute;n de los filtros de las PTAP El P&oacute;rtico, se propuso que el sistema de v&aacute;lvulas de agua y lavado con aire quedar&aacute; completamente automatizado, esto quiere decir que los accionamientos de todas las v&aacute;lvulas de la galer&iacute;a de filtraci&oacute;n se har&aacute;n por medios motorizados para hacer m&aacute;s c&oacute;moda, segura y eficiente la operaci&oacute;n del sistema de filtraci&oacute;n.<\/p>\n<p>El &aacute;rea de sedimentaci&oacute;n hizo necesaria la implementaci&oacute;n de los m&oacute;dulos de pl&aacute;sticos con canaletas de recolecci&oacute;n del agua clarificada en acero inoxidable. Se implementaron los m&oacute;dulos pl&aacute;sticos en Polipropileno Virgen de 1.1 metros de altura, con longitud de canal de 1.34 metros e inclinaci&oacute;n a 55&ordm; sin requerir aumentar el &aacute;rea existente de sedimentaci&oacute;n acelerada, dejando dos (2) zonas de sedimentaci&oacute;n convencional.<\/p>\n<p><img decoding=\"async\" loading=\"lazy\" class=\"alignnone size-full wp-image-2247\" src=\"https:\/\/akc.com.co\/web\/wp-content\/uploads\/2023\/07\/P1.jpg\" alt=\"\" width=\"768\" height=\"1024\" srcset=\"https:\/\/akc.com.co\/web\/wp-content\/uploads\/2023\/07\/P1.jpg 768w, https:\/\/akc.com.co\/web\/wp-content\/uploads\/2023\/07\/P1-225x300.jpg 225w, https:\/\/akc.com.co\/web\/wp-content\/uploads\/2023\/07\/P1-100x133.jpg 100w\" sizes=\"(max-width: 768px) 100vw, 768px\" \/><\/p>\n<p>En el dise&ntilde;o de los nuevos m&oacute;dulos se contempl&oacute; conservar el uso de la estructura en concreto existente de los tanques de sedimentaci&oacute;n, con la ejecuci&oacute;n de obras de tratamiento de muros, dado que el objetivo es aumentar capacidad, tratar un caudal total de 1050 lps y un caudal por l&iacute;nea de 350 lps con las nuevas unidades de sedimentaci&oacute;n, cumpliendo con los par&aacute;metros establecidos en el RAS 2017 con respecto a los tiempos de retenci&oacute;n y cargas superficiales de sedimentaci&oacute;n.<\/p>\n<p>La modernizaci&oacute;n del proceso con las nuevas unidades de sedimentaci&oacute;n permite una mejor clarificaci&oacute;n, con el aumento de las tasas de sedimentaci&oacute;n, por lo que se obtendr&aacute; una mayor eficiencia en la decantaci&oacute;n de los fl&oacute;culos en las diferentes condiciones de calidad de agua cruda. Esto ser&aacute; posible si los procesos antecesores (coagulaci&oacute;n y floculaci&oacute;n), se hacen de manera eficiente. Se implement&oacute; un nuevo sistema de recolecci&oacute;n de agua con cuatro canaletas por l&iacute;nea de sedimentaci&oacute;n. El n&uacute;mero de canaletas atiende las recomendaciones de la tasa de desborde por vertederos.<\/p>\n<p>La optimizaci&oacute;n de esta PTAP inici&oacute; en sus procesos de floculaci&oacute;n, sedimentaci&oacute;n, filtraci&oacute;n, en el 2019 y termin&oacute; a mediados del a&ntilde;o 2020. Y a finales del 2022 se encontrar&aacute;n automatizados los procesos de floculaci&oacute;n y el lavado de filtros, de igual manera, se automatizar&aacute; el proceso de dosificaci&oacute;n de cloro gaseoso en cada planta.<\/p>\n<p><strong>Desinfecci&oacute;n<\/strong><\/p>\n<p>Se realiza con cloro l&iacute;quido gaseoso a trav&eacute;s de los equipos dosificadores de Cloro en un punto de recolecci&oacute;n de agua filtrada<\/p>\n<p><strong>Distribuci&oacute;n Y Almacenamiento<\/strong><\/p>\n<p>Es la operaci&oacute;n de enviar para la ciudad el agua ya tratada y desinfectada para el consumo humano a trav&eacute;s de dos tanques de distribuci&oacute;n y tuber&iacute;as.<\/p>\n<p><strong>Control De Calidad<\/strong><\/p>\n<p>Se realiza en el laboratorio de aguas analizando los factores f&iacute;sicos-qu&iacute;micos y microbiol&oacute;gicos del agua cruda y tratada para el consumo.<\/p><\/div>\n\n<hr class=\"e243-26 x-line\">\n  <\/div>\n<\/div>\n  <\/div>\n    <\/div>\n<\/div>\n","protected":false},"excerpt":{"rendered":"<p>Plantas de Tratamiento PLANTAS DE TRATAMIENTO Localizaci\u00f3n La Planta de Tratamiento El Carmen de Tonchala que opera y mantiene AGUAS KPITAL C\u00daCUTA se encuentra ubicada en la Vereda SAN ISIDRO &#8230; <\/p>\n<div><a href=\"https:\/\/akc.com.co\/web\/plantas-de-tratamiento\/\" class=\"more-link\">Read More<\/a><\/div>\n","protected":false},"author":1,"featured_media":0,"parent":0,"menu_order":0,"comment_status":"open","ping_status":"closed","template":"template-blank-4.php","meta":{"ngg_post_thumbnail":0},"_links":{"self":[{"href":"https:\/\/akc.com.co\/web\/wp-json\/wp\/v2\/pages\/243"}],"collection":[{"href":"https:\/\/akc.com.co\/web\/wp-json\/wp\/v2\/pages"}],"about":[{"href":"https:\/\/akc.com.co\/web\/wp-json\/wp\/v2\/types\/page"}],"author":[{"embeddable":true,"href":"https:\/\/akc.com.co\/web\/wp-json\/wp\/v2\/users\/1"}],"replies":[{"embeddable":true,"href":"https:\/\/akc.com.co\/web\/wp-json\/wp\/v2\/comments?post=243"}],"version-history":[{"count":8,"href":"https:\/\/akc.com.co\/web\/wp-json\/wp\/v2\/pages\/243\/revisions"}],"predecessor-version":[{"id":2253,"href":"https:\/\/akc.com.co\/web\/wp-json\/wp\/v2\/pages\/243\/revisions\/2253"}],"wp:attachment":[{"href":"https:\/\/akc.com.co\/web\/wp-json\/wp\/v2\/media?parent=243"}],"curies":[{"name":"wp","href":"https:\/\/api.w.org\/{rel}","templated":true}]}}