{"id":2141,"date":"2023-06-30T11:47:48","date_gmt":"2023-06-30T16:47:48","guid":{"rendered":"https:\/\/akc.com.co\/web\/medidas-covid\/obras-salon-del-agua-2023\/"},"modified":"2024-09-05T11:42:07","modified_gmt":"2024-09-05T16:42:07","slug":"fenomeno-del-nino-2024","status":"publish","type":"page","link":"https:\/\/akc.com.co\/web\/medidas-covid\/fenomeno-del-nino-2024\/","title":{"rendered":"AKC IMPRESIONA"},"content":{"rendered":"\n<p>A continuaci\u00f3n se presenta el stand, <strong>Congreso Andesco 2024<\/strong> realizado en la ciudad de Cartagena durante el mes de Junio. AKC IMPRESIONA es un claro ejemplo del compromiso y el amor de Aguas Kpital C\u00facuta hacia toda su poblaci\u00f3n cucute\u00f1a, en donde se reflejan los logros alcanzados durante estos 18 a\u00f1os de operaci\u00f3n de manera consecutiva.<\/p>\n\n\n\n<figure class=\"wp-block-image size-large\"><img decoding=\"async\" loading=\"lazy\" width=\"1024\" height=\"819\" src=\"https:\/\/akc.com.co\/web\/wp-content\/uploads\/2024\/07\/Backing-PDF-AKC-1024x819.jpg\" alt=\"\" class=\"wp-image-2813\" srcset=\"https:\/\/akc.com.co\/web\/wp-content\/uploads\/2024\/07\/Backing-PDF-AKC-1024x819.jpg 1024w, https:\/\/akc.com.co\/web\/wp-content\/uploads\/2024\/07\/Backing-PDF-AKC-300x240.jpg 300w, https:\/\/akc.com.co\/web\/wp-content\/uploads\/2024\/07\/Backing-PDF-AKC-768x614.jpg 768w, https:\/\/akc.com.co\/web\/wp-content\/uploads\/2024\/07\/Backing-PDF-AKC-1536x1229.jpg 1536w, https:\/\/akc.com.co\/web\/wp-content\/uploads\/2024\/07\/Backing-PDF-AKC-2048x1639.jpg 2048w, https:\/\/akc.com.co\/web\/wp-content\/uploads\/2024\/07\/Backing-PDF-AKC-100x80.jpg 100w, https:\/\/akc.com.co\/web\/wp-content\/uploads\/2024\/07\/Backing-PDF-AKC-1050x840.jpg 1050w\" sizes=\"(max-width: 1024px) 100vw, 1024px\" \/><\/figure>\n\n\n\n<div class=\"wp-block-file\"><object class=\"wp-block-file__embed\" data=\"https:\/\/akc.com.co\/web\/wp-content\/uploads\/2024\/07\/1.-REDUCCION-DANOS-8.pdf\" type=\"application\/pdf\" style=\"width:100%;height:600px\" aria-label=\"Incrustado de 1.-REDUCCION-DANOS-8.\"><\/object><a id=\"wp-block-file--media-7983ae77-c899-41d3-a16f-d8b709428e67\" href=\"https:\/\/akc.com.co\/web\/wp-content\/uploads\/2024\/07\/1.-REDUCCION-DANOS-8.pdf\">1.-REDUCCION-DANOS-8<\/a><a href=\"https:\/\/akc.com.co\/web\/wp-content\/uploads\/2024\/07\/1.-REDUCCION-DANOS-8.pdf\" class=\"wp-block-file__button wp-element-button\" download aria-describedby=\"wp-block-file--media-7983ae77-c899-41d3-a16f-d8b709428e67\">Descargar<\/a><\/div>\n\n\n\n<div class=\"wp-block-file\"><object class=\"wp-block-file__embed\" data=\"https:\/\/akc.com.co\/web\/wp-content\/uploads\/2024\/07\/2.-SISTEMA-SECTORIZADO-5.pdf\" type=\"application\/pdf\" style=\"width:100%;height:600px\" aria-label=\"Incrustado de 2.-SISTEMA-SECTORIZADO-5.\"><\/object><a id=\"wp-block-file--media-e5f1ed25-0749-4974-b585-a9c61944472a\" href=\"https:\/\/akc.com.co\/web\/wp-content\/uploads\/2024\/07\/2.-SISTEMA-SECTORIZADO-5.pdf\">2.-SISTEMA-SECTORIZADO-5<\/a><a href=\"https:\/\/akc.com.co\/web\/wp-content\/uploads\/2024\/07\/2.-SISTEMA-SECTORIZADO-5.pdf\" class=\"wp-block-file__button wp-element-button\" download aria-describedby=\"wp-block-file--media-e5f1ed25-0749-4974-b585-a9c61944472a\">Descargar<\/a><\/div>\n\n\n\n<div class=\"wp-block-file\"><object class=\"wp-block-file__embed\" data=\"https:\/\/akc.com.co\/web\/wp-content\/uploads\/2024\/07\/3.-1.400-KM-DE-REDES-6.pdf\" type=\"application\/pdf\" style=\"width:100%;height:600px\" aria-label=\"Incrustado de 3.-1.400-KM-DE-REDES-6.\"><\/object><a id=\"wp-block-file--media-970a9950-14ce-478f-a216-9367badff98b\" href=\"https:\/\/akc.com.co\/web\/wp-content\/uploads\/2024\/07\/3.-1.400-KM-DE-REDES-6.pdf\">3.-1.400-KM-DE-REDES-6<\/a><a href=\"https:\/\/akc.com.co\/web\/wp-content\/uploads\/2024\/07\/3.-1.400-KM-DE-REDES-6.pdf\" class=\"wp-block-file__button wp-element-button\" download aria-describedby=\"wp-block-file--media-970a9950-14ce-478f-a216-9367badff98b\">Descargar<\/a><\/div>\n\n\n\n<div class=\"wp-block-file\"><object class=\"wp-block-file__embed\" data=\"https:\/\/akc.com.co\/web\/wp-content\/uploads\/2024\/07\/4.-INVERSIONES-PRIORIZACION-5.pdf\" type=\"application\/pdf\" style=\"width:100%;height:600px\" aria-label=\"Incrustado de 4.-INVERSIONES-PRIORIZACION-5.\"><\/object><a id=\"wp-block-file--media-3ea73b5f-8b20-4538-8f9b-987944e13fe9\" href=\"https:\/\/akc.com.co\/web\/wp-content\/uploads\/2024\/07\/4.-INVERSIONES-PRIORIZACION-5.pdf\">4.-INVERSIONES-PRIORIZACION-5<\/a><a href=\"https:\/\/akc.com.co\/web\/wp-content\/uploads\/2024\/07\/4.-INVERSIONES-PRIORIZACION-5.pdf\" class=\"wp-block-file__button wp-element-button\" download aria-describedby=\"wp-block-file--media-3ea73b5f-8b20-4538-8f9b-987944e13fe9\">Descargar<\/a><\/div>\n\n\n\n<div class=\"wp-block-file\"><object class=\"wp-block-file__embed\" data=\"https:\/\/akc.com.co\/web\/wp-content\/uploads\/2024\/07\/5.-SG-COMPARTIDO-6.pdf\" type=\"application\/pdf\" style=\"width:100%;height:600px\" aria-label=\"Incrustado de 5.-SG-COMPARTIDO-6.\"><\/object><a id=\"wp-block-file--media-919365c5-ecac-43e3-b055-c814e2b67fcb\" href=\"https:\/\/akc.com.co\/web\/wp-content\/uploads\/2024\/07\/5.-SG-COMPARTIDO-6.pdf\">5.-SG-COMPARTIDO-6<\/a><a href=\"https:\/\/akc.com.co\/web\/wp-content\/uploads\/2024\/07\/5.-SG-COMPARTIDO-6.pdf\" class=\"wp-block-file__button wp-element-button\" download aria-describedby=\"wp-block-file--media-919365c5-ecac-43e3-b055-c814e2b67fcb\">Descargar<\/a><\/div>\n\n\n\n<div class=\"wp-block-file\"><object class=\"wp-block-file__embed\" data=\"https:\/\/akc.com.co\/web\/wp-content\/uploads\/2024\/07\/6.-CERO-PAPEL-3.pdf\" type=\"application\/pdf\" style=\"width:100%;height:600px\" aria-label=\"Incrustado de 6.-CERO-PAPEL-3.\"><\/object><a id=\"wp-block-file--media-72e5e6f6-585b-49e7-b3ba-b8c51f4a7d2d\" href=\"https:\/\/akc.com.co\/web\/wp-content\/uploads\/2024\/07\/6.-CERO-PAPEL-3.pdf\">6.-CERO-PAPEL-3<\/a><a href=\"https:\/\/akc.com.co\/web\/wp-content\/uploads\/2024\/07\/6.-CERO-PAPEL-3.pdf\" class=\"wp-block-file__button wp-element-button\" download aria-describedby=\"wp-block-file--media-72e5e6f6-585b-49e7-b3ba-b8c51f4a7d2d\">Descargar<\/a><\/div>\n\n\n\n<div class=\"wp-block-file\"><object class=\"wp-block-file__embed\" data=\"https:\/\/akc.com.co\/web\/wp-content\/uploads\/2024\/07\/7.-EL-85-DE-NUESTROS-GRANDES-CLIENTES-CON-TELEMETRIA-6.pdf\" type=\"application\/pdf\" style=\"width:100%;height:600px\" aria-label=\"Incrustado de 7.-EL-85-DE-NUESTROS-GRANDES-CLIENTES-CON-TELEMETRIA-6.\"><\/object><a id=\"wp-block-file--media-6081dc16-ea9c-4690-ab6e-b1404bfe9cc1\" href=\"https:\/\/akc.com.co\/web\/wp-content\/uploads\/2024\/07\/7.-EL-85-DE-NUESTROS-GRANDES-CLIENTES-CON-TELEMETRIA-6.pdf\">7.-EL-85-DE-NUESTROS-GRANDES-CLIENTES-CON-TELEMETRIA-6<\/a><a href=\"https:\/\/akc.com.co\/web\/wp-content\/uploads\/2024\/07\/7.-EL-85-DE-NUESTROS-GRANDES-CLIENTES-CON-TELEMETRIA-6.pdf\" class=\"wp-block-file__button wp-element-button\" download aria-describedby=\"wp-block-file--media-6081dc16-ea9c-4690-ab6e-b1404bfe9cc1\">Descargar<\/a><\/div>\n\n\n\n<div class=\"wp-block-file\"><object class=\"wp-block-file__embed\" data=\"https:\/\/akc.com.co\/web\/wp-content\/uploads\/2024\/07\/8.-PILAS-PUBLICAS-4.pdf\" type=\"application\/pdf\" style=\"width:100%;height:600px\" aria-label=\"Incrustado de 8.-PILAS-PUBLICAS-4.\"><\/object><a id=\"wp-block-file--media-7e0ff09b-caa2-4358-a7de-2aad9e9a5d6c\" href=\"https:\/\/akc.com.co\/web\/wp-content\/uploads\/2024\/07\/8.-PILAS-PUBLICAS-4.pdf\">8.-PILAS-PUBLICAS-4<\/a><a href=\"https:\/\/akc.com.co\/web\/wp-content\/uploads\/2024\/07\/8.-PILAS-PUBLICAS-4.pdf\" class=\"wp-block-file__button wp-element-button\" download aria-describedby=\"wp-block-file--media-7e0ff09b-caa2-4358-a7de-2aad9e9a5d6c\">Descargar<\/a><\/div>\n\n\n\n<div class=\"wp-block-file\"><object class=\"wp-block-file__embed\" data=\"https:\/\/akc.com.co\/web\/wp-content\/uploads\/2024\/07\/9.-PLAN-PREPAGO-4.pdf\" type=\"application\/pdf\" style=\"width:100%;height:600px\" aria-label=\"Incrustado de 9.-PLAN-PREPAGO-4.\"><\/object><a id=\"wp-block-file--media-d0338faa-bfce-490a-8de7-123b355dcf64\" href=\"https:\/\/akc.com.co\/web\/wp-content\/uploads\/2024\/07\/9.-PLAN-PREPAGO-4.pdf\">9.-PLAN-PREPAGO-4<\/a><a href=\"https:\/\/akc.com.co\/web\/wp-content\/uploads\/2024\/07\/9.-PLAN-PREPAGO-4.pdf\" class=\"wp-block-file__button wp-element-button\" download aria-describedby=\"wp-block-file--media-d0338faa-bfce-490a-8de7-123b355dcf64\">Descargar<\/a><\/div>\n\n\n\n<div class=\"wp-block-file\"><object class=\"wp-block-file__embed\" data=\"https:\/\/akc.com.co\/web\/wp-content\/uploads\/2024\/07\/10.-INTERACCIONES-DIGITALES-5.pdf\" type=\"application\/pdf\" style=\"width:100%;height:600px\" aria-label=\"Incrustado de 10.-INTERACCIONES-DIGITALES-5.\"><\/object><a id=\"wp-block-file--media-d087706d-906f-4c2c-a9fe-652af83217a8\" href=\"https:\/\/akc.com.co\/web\/wp-content\/uploads\/2024\/07\/10.-INTERACCIONES-DIGITALES-5.pdf\">10.-INTERACCIONES-DIGITALES-5<\/a><a href=\"https:\/\/akc.com.co\/web\/wp-content\/uploads\/2024\/07\/10.-INTERACCIONES-DIGITALES-5.pdf\" class=\"wp-block-file__button wp-element-button\" download aria-describedby=\"wp-block-file--media-d087706d-906f-4c2c-a9fe-652af83217a8\">Descargar<\/a><\/div>\n\n\n\n<div class=\"wp-block-file\"><object class=\"wp-block-file__embed\" data=\"https:\/\/akc.com.co\/web\/wp-content\/uploads\/2024\/07\/11.-DANOS-4.pdf\" type=\"application\/pdf\" style=\"width:100%;height:600px\" aria-label=\"Incrustado de 11.-DANOS-4.\"><\/object><a id=\"wp-block-file--media-b7197c59-4778-4375-88de-4bd5625236f6\" href=\"https:\/\/akc.com.co\/web\/wp-content\/uploads\/2024\/07\/11.-DANOS-4.pdf\">11.-DANOS-4<\/a><a href=\"https:\/\/akc.com.co\/web\/wp-content\/uploads\/2024\/07\/11.-DANOS-4.pdf\" class=\"wp-block-file__button wp-element-button\" download aria-describedby=\"wp-block-file--media-b7197c59-4778-4375-88de-4bd5625236f6\">Descargar<\/a><\/div>\n\n\n\n<div class=\"wp-block-file\"><object class=\"wp-block-file__embed\" data=\"https:\/\/akc.com.co\/web\/wp-content\/uploads\/2024\/07\/12.-BICIKPITAL-4.pdf\" type=\"application\/pdf\" style=\"width:100%;height:600px\" aria-label=\"Incrustado de 12.-BICIKPITAL-4.\"><\/object><a id=\"wp-block-file--media-c2b56d43-12ab-42f8-a114-2452e0dbe3b3\" href=\"https:\/\/akc.com.co\/web\/wp-content\/uploads\/2024\/07\/12.-BICIKPITAL-4.pdf\">12.-BICIKPITAL-4<\/a><a href=\"https:\/\/akc.com.co\/web\/wp-content\/uploads\/2024\/07\/12.-BICIKPITAL-4.pdf\" class=\"wp-block-file__button wp-element-button\" download aria-describedby=\"wp-block-file--media-c2b56d43-12ab-42f8-a114-2452e0dbe3b3\">Descargar<\/a><\/div>\n\n\n\n<div class=\"wp-block-file\"><object class=\"wp-block-file__embed\" data=\"https:\/\/akc.com.co\/web\/wp-content\/uploads\/2024\/07\/13.-DESESTIMULACION-3.pdf\" type=\"application\/pdf\" style=\"width:100%;height:600px\" aria-label=\"Incrustado de 13.-DESESTIMULACION-3.\"><\/object><a id=\"wp-block-file--media-7f1166b8-66bb-4a5c-962a-7aa033c9bdce\" href=\"https:\/\/akc.com.co\/web\/wp-content\/uploads\/2024\/07\/13.-DESESTIMULACION-3.pdf\">13.-DESESTIMULACION-3<\/a><a href=\"https:\/\/akc.com.co\/web\/wp-content\/uploads\/2024\/07\/13.-DESESTIMULACION-3.pdf\" class=\"wp-block-file__button wp-element-button\" download aria-describedby=\"wp-block-file--media-7f1166b8-66bb-4a5c-962a-7aa033c9bdce\">Descargar<\/a><\/div>\n\n\n\n<div class=\"wp-block-file\"><object class=\"wp-block-file__embed\" data=\"https:\/\/akc.com.co\/web\/wp-content\/uploads\/2024\/07\/14.-RED-DE-AMIGOS-2.pdf\" type=\"application\/pdf\" style=\"width:100%;height:600px\" aria-label=\"Incrustado de 14.-RED-DE-AMIGOS-2.\"><\/object><a id=\"wp-block-file--media-0cb2b097-1745-4000-a9d0-89ac9cb19929\" href=\"https:\/\/akc.com.co\/web\/wp-content\/uploads\/2024\/07\/14.-RED-DE-AMIGOS-2.pdf\">14.-RED-DE-AMIGOS-2<\/a><a href=\"https:\/\/akc.com.co\/web\/wp-content\/uploads\/2024\/07\/14.-RED-DE-AMIGOS-2.pdf\" class=\"wp-block-file__button wp-element-button\" download aria-describedby=\"wp-block-file--media-0cb2b097-1745-4000-a9d0-89ac9cb19929\">Descargar<\/a><\/div>\n\n\n\n<div class=\"wp-block-file\"><object class=\"wp-block-file__embed\" data=\"https:\/\/akc.com.co\/web\/wp-content\/uploads\/2024\/07\/15.-SINDICATO-3.pdf\" type=\"application\/pdf\" style=\"width:100%;height:600px\" aria-label=\"Incrustado de 15.-SINDICATO-3.\"><\/object><a id=\"wp-block-file--media-1d80b4f3-19df-43b3-ae9a-7b051ff33a98\" href=\"https:\/\/akc.com.co\/web\/wp-content\/uploads\/2024\/07\/15.-SINDICATO-3.pdf\">15.-SINDICATO-3<\/a><a href=\"https:\/\/akc.com.co\/web\/wp-content\/uploads\/2024\/07\/15.-SINDICATO-3.pdf\" class=\"wp-block-file__button wp-element-button\" download aria-describedby=\"wp-block-file--media-1d80b4f3-19df-43b3-ae9a-7b051ff33a98\">Descargar<\/a><\/div>\n\n\n\n<div class=\"wp-block-file\"><object class=\"wp-block-file__embed\" data=\"https:\/\/akc.com.co\/web\/wp-content\/uploads\/2024\/07\/17.-MAS-DE-223-MIL-ASISTENTES-2.pdf\" type=\"application\/pdf\" style=\"width:100%;height:600px\" aria-label=\"Incrustado de 17.-MAS-DE-223-MIL-ASISTENTES-2.\"><\/object><a id=\"wp-block-file--media-9665041f-17c3-4bdf-bf37-0187fc09de58\" href=\"https:\/\/akc.com.co\/web\/wp-content\/uploads\/2024\/07\/17.-MAS-DE-223-MIL-ASISTENTES-2.pdf\">17.-MAS-DE-223-MIL-ASISTENTES-2<\/a><a href=\"https:\/\/akc.com.co\/web\/wp-content\/uploads\/2024\/07\/17.-MAS-DE-223-MIL-ASISTENTES-2.pdf\" class=\"wp-block-file__button wp-element-button\" download aria-describedby=\"wp-block-file--media-9665041f-17c3-4bdf-bf37-0187fc09de58\">Descargar<\/a><\/div>\n\n\n\n<div class=\"wp-block-file\"><object class=\"wp-block-file__embed\" data=\"https:\/\/akc.com.co\/web\/wp-content\/uploads\/2024\/07\/18.-CULTURA-Y-ARTE-2.pdf\" type=\"application\/pdf\" style=\"width:100%;height:600px\" aria-label=\"Incrustado de 18.-CULTURA-Y-ARTE-2.\"><\/object><a id=\"wp-block-file--media-4eaf63a9-8613-4219-9dbe-be3061c433a4\" href=\"https:\/\/akc.com.co\/web\/wp-content\/uploads\/2024\/07\/18.-CULTURA-Y-ARTE-2.pdf\">18.-CULTURA-Y-ARTE-2<\/a><a href=\"https:\/\/akc.com.co\/web\/wp-content\/uploads\/2024\/07\/18.-CULTURA-Y-ARTE-2.pdf\" class=\"wp-block-file__button wp-element-button\" download aria-describedby=\"wp-block-file--media-4eaf63a9-8613-4219-9dbe-be3061c433a4\">Descargar<\/a><\/div>\n\n\n\n<div class=\"wp-block-file\"><object class=\"wp-block-file__embed\" data=\"https:\/\/akc.com.co\/web\/wp-content\/uploads\/2024\/07\/TRABAJO-EN-CASA-2.pdf\" type=\"application\/pdf\" style=\"width:100%;height:600px\" aria-label=\"Incrustado de TRABAJO-EN-CASA-2.\"><\/object><a id=\"wp-block-file--media-8a25cc9d-cd99-4892-8483-dda78a6ed3bb\" href=\"https:\/\/akc.com.co\/web\/wp-content\/uploads\/2024\/07\/TRABAJO-EN-CASA-2.pdf\">TRABAJO-EN-CASA-2<\/a><a href=\"https:\/\/akc.com.co\/web\/wp-content\/uploads\/2024\/07\/TRABAJO-EN-CASA-2.pdf\" class=\"wp-block-file__button wp-element-button\" download aria-describedby=\"wp-block-file--media-8a25cc9d-cd99-4892-8483-dda78a6ed3bb\">Descargar<\/a><\/div>\n\n\n\n<div class=\"wp-block-file\"><object class=\"wp-block-file__embed\" data=\"https:\/\/akc.com.co\/web\/wp-content\/uploads\/2024\/09\/19.-MERKATIENDA.pdf\" type=\"application\/pdf\" style=\"width:100%;height:600px\" aria-label=\"Incrustado de 19.-MERKATIENDA.\"><\/object><a id=\"wp-block-file--media-ee5e49e8-be1c-4af1-b461-2172a7edfafa\" href=\"https:\/\/akc.com.co\/web\/wp-content\/uploads\/2024\/09\/19.-MERKATIENDA.pdf\">19.-MERKATIENDA<\/a><a href=\"https:\/\/akc.com.co\/web\/wp-content\/uploads\/2024\/09\/19.-MERKATIENDA.pdf\" class=\"wp-block-file__button wp-element-button\" download aria-describedby=\"wp-block-file--media-ee5e49e8-be1c-4af1-b461-2172a7edfafa\">Descargar<\/a><\/div>\n","protected":false},"excerpt":{"rendered":"<p>A continuaci\u00f3n se presenta el stand, Congreso Andesco 2024 realizado en la ciudad de Cartagena durante el mes de Junio. AKC IMPRESIONA es un claro ejemplo del compromiso y el &#8230; <\/p>\n<div><a href=\"https:\/\/akc.com.co\/web\/medidas-covid\/fenomeno-del-nino-2024\/\" class=\"more-link\">Read More<\/a><\/div>\n","protected":false},"author":4,"featured_media":0,"parent":502,"menu_order":0,"comment_status":"closed","ping_status":"closed","template":"","meta":{"ngg_post_thumbnail":0},"_links":{"self":[{"href":"https:\/\/akc.com.co\/web\/wp-json\/wp\/v2\/pages\/2141"}],"collection":[{"href":"https:\/\/akc.com.co\/web\/wp-json\/wp\/v2\/pages"}],"about":[{"href":"https:\/\/akc.com.co\/web\/wp-json\/wp\/v2\/types\/page"}],"author":[{"embeddable":true,"href":"https:\/\/akc.com.co\/web\/wp-json\/wp\/v2\/users\/4"}],"replies":[{"embeddable":true,"href":"https:\/\/akc.com.co\/web\/wp-json\/wp\/v2\/comments?post=2141"}],"version-history":[{"count":15,"href":"https:\/\/akc.com.co\/web\/wp-json\/wp\/v2\/pages\/2141\/revisions"}],"predecessor-version":[{"id":2878,"href":"https:\/\/akc.com.co\/web\/wp-json\/wp\/v2\/pages\/2141\/revisions\/2878"}],"up":[{"embeddable":true,"href":"https:\/\/akc.com.co\/web\/wp-json\/wp\/v2\/pages\/502"}],"wp:attachment":[{"href":"https:\/\/akc.com.co\/web\/wp-json\/wp\/v2\/media?parent=2141"}],"curies":[{"name":"wp","href":"https:\/\/api.w.org\/{rel}","templated":true}]}}